{"id":893,"date":"2026-02-09T16:07:46","date_gmt":"2026-02-09T16:07:46","guid":{"rendered":"https:\/\/provenance.designarea.hu\/?page_id=893"},"modified":"2026-03-26T14:55:09","modified_gmt":"2026-03-26T13:55:09","slug":"terms-conditions","status":"publish","type":"page","link":"https:\/\/provenance.designarea.hu\/hu\/terms-conditions\/","title":{"rendered":"\u00c1SZF"},"content":{"rendered":"<div data-elementor-type=\"wp-page\" data-elementor-id=\"893\" class=\"elementor elementor-893\" data-elementor-post-type=\"page\">\n\t\t\t\t<div class=\"elementor-element elementor-element-555889e e-con-full e-flex e-con e-parent\" data-id=\"555889e\" data-element_type=\"container\" data-e-type=\"container\">\n\t\t<div class=\"elementor-element elementor-element-61a9062 responsive e-flex e-con-boxed e-con e-child\" data-id=\"61a9062\" data-element_type=\"container\" data-e-type=\"container\">\n\t\t\t\t\t<div class=\"e-con-inner\">\n\t\t<div class=\"elementor-element elementor-element-9fc6535 e-con-full custom-breadcrumbs-holder e-flex e-con e-child\" data-id=\"9fc6535\" data-element_type=\"container\" data-e-type=\"container\">\n\t\t\t\t<div class=\"elementor-element elementor-element-474f19e elementor-view-default elementor-widget elementor-widget-icon\" data-id=\"474f19e\" data-element_type=\"widget\" data-e-type=\"widget\" data-widget_type=\"icon.default\">\n\t\t\t\t\t\t\t<div class=\"elementor-icon-wrapper\">\n\t\t\t<div class=\"elementor-icon\">\n\t\t\t<svg xmlns=\"http:\/\/www.w3.org\/2000\/svg\" width=\"15\" height=\"16\" viewbox=\"0 0 15 16\" fill=\"none\"><path d=\"M7.08812 0.150612C7.33033 -0.0534476 7.68475 -0.0501496 7.92333 0.160494L14.7804 6.21453C14.92 6.3377 15 6.51565 15 6.70269V15.3514C15 15.7096 14.7122 16 14.3571 16H10.0714C9.71639 16 9.42857 15.7096 9.42857 15.3514V11.8919C9.42857 11.3758 9.22536 10.8808 8.86368 10.5159C8.50201 10.151 8.01143 9.94593 7.5 9.94593C6.98849 9.94593 6.498 10.151 6.13629 10.5159L6.13627 10.5159C5.77459 10.8808 5.57143 11.3758 5.57143 11.8919V15.3514C5.57143 15.7096 5.28361 16 4.92857 16H0.642856C0.287824 16 4.83165e-06 15.7096 0 15.3514V6.70269C2.34274e-06 6.51565 0.0800178 6.3377 0.219525 6.21453L7.07667 0.160494L7.08812 0.150612ZM10.7143 14.7027H13.7143V6.99702L7.5 1.51054L1.28571 6.99702V14.7027H4.28572V11.8919C4.28572 11.0317 4.62438 10.2068 5.22718 9.59858L5.25558 9.57027C5.8555 8.9798 6.66077 8.64864 7.5 8.64864C8.35245 8.64864 9.17005 8.99037 9.77282 9.59858C10.3756 10.2068 10.7143 11.0318 10.7143 11.8919V14.7027Z\" fill=\"black\"><\/path><\/svg>\t\t\t<\/div>\n\t\t<\/div>\n\t\t\t\t\t\t<\/div>\n\t\t\t\t<div class=\"elementor-element elementor-element-ae41a7f custom-breadcrumbs elementor-widget elementor-widget-shortcode\" data-id=\"ae41a7f\" data-element_type=\"widget\" data-e-type=\"widget\" data-widget_type=\"shortcode.default\">\n\t\t\t\t\t\t\t<div class=\"elementor-shortcode\"><nav aria-label=\"breadcrumbs\" class=\"rank-math-breadcrumb\"><p><span class=\"last\">F\u0151oldal<\/span><\/p><\/nav><\/div>\n\t\t\t\t\t\t<\/div>\n\t\t\t\t<\/div>\n\t\t\t\t\t<\/div>\n\t\t\t\t<\/div>\n\t\t\t\t<\/div>\n\t\t<div class=\"elementor-element elementor-element-41ea64b e-con-full e-flex e-con e-parent\" data-id=\"41ea64b\" data-element_type=\"container\" data-e-type=\"container\">\n\t\t<div class=\"elementor-element elementor-element-359a998 responsive e-flex e-con-boxed e-con e-child\" data-id=\"359a998\" data-element_type=\"container\" data-e-type=\"container\">\n\t\t\t\t\t<div class=\"e-con-inner\">\n\t\t<div class=\"elementor-element elementor-element-c3599fa e-con-full e-flex e-con e-child\" data-id=\"c3599fa\" data-element_type=\"container\" data-e-type=\"container\">\n\t\t\t\t<div class=\"elementor-element elementor-element-293a7fd elementor-widget-tablet__width-initial elementor-widget-mobile__width-inherit custom-title-black elementor-widget elementor-widget-heading\" data-id=\"293a7fd\" data-element_type=\"widget\" data-e-type=\"widget\" data-widget_type=\"heading.default\">\n\t\t\t\t\t<h1 class=\"elementor-heading-title elementor-size-default\">\u00c1ltal\u00e1nos Szerz\u0151d\u00e9si Felt\u00e9telek (\u00c1SZF)<\/h1>\t\t\t\t<\/div>\n\t\t\t\t<div class=\"elementor-element elementor-element-de672ef custom-body-text elementor-widget elementor-widget-text-editor\" data-id=\"de672ef\" data-element_type=\"widget\" data-e-type=\"widget\" data-widget_type=\"text-editor.default\">\n\t\t\t\t\t\t\t\t\t<p><strong>Hat\u00e1lyos:<\/strong> 2026. 01. 05.<\/p>\n<p>&nbsp;<\/p>\n<h5><strong>1. Szolg\u00e1ltat\u00f3 adatai<\/strong><\/h5>\n<p>C\u00e9gn\u00e9v: Provenance Auctions Kft. (a tov\u00e1bbiakban: \u201eAdatkezel\u0151\u201d)<br \/>\nSz\u00e9khely: 1119 Budapest, Andor utca 21\/C. Fsz. 1. ajt\u00f3<br \/>\nC\u00e9gjegyz\u00e9ksz\u00e1m: 01-09-358756<br \/>\nAd\u00f3sz\u00e1m: 27953004-1-43<br \/>\nE-mail: <a href=\"mailto:info@provenanceauctions.eu\">info@provenanceauctions.eu<\/a><\/p>\n<h5><strong><br \/>\n2. Az \u00c1SZF hat\u00e1lya<\/strong><\/h5>\n<p>2.1. Jelen \u00c1SZF a Szolg\u00e1ltat\u00f3 \u00e1ltal \u00fczemeltetett web\u00e1ruh\u00e1zon kereszt\u00fcl t\u00f6rt\u00e9n\u0151 numizmatikai term\u00e9kek (\u00e9rm\u00e9k, bankjegyek, gy\u0171jt\u0151i kell\u00e9kek) fix \u00e1ras \u00e9rt\u00e9kes\u00edt\u00e9s\u00e9re vonatkozik.<br \/>\n2.2. A szerz\u0151d\u00e9s nyelve: magyar.<br \/>\n2.3. A szerz\u0151d\u00e9s elektronikus \u00faton j\u00f6n l\u00e9tre, nem ker\u00fcl iktat\u00e1sra.<\/p>\n<h5><strong><br \/>\n3. Ir\u00e1nyad\u00f3 jogszab\u00e1lyok<\/strong><\/h5>\n<p>Jelen \u00c1SZF k\u00fcl\u00f6n\u00f6sen az al\u00e1bbi jogszab\u00e1lyoknak felel meg:<\/p>\n<ul>\n<li>2011\/83\/EU ir\u00e1nyelv (fogyaszt\u00f3i jogok)<\/li>\n<li>2019\/771\/EU ir\u00e1nyelv (ad\u00e1sv\u00e9tel)<\/li>\n<li>2001. \u00e9vi CVIII. t\u00f6rv\u00e9ny (Eker tv.)<\/li>\n<li>2013. \u00e9vi V. t\u00f6rv\u00e9ny (Ptk.)<\/li>\n<li>45\/2014. (II.26.) Korm. rendelet<\/li>\n<li>1997. \u00e9vi CLV. t\u00f6rv\u00e9ny (fogyaszt\u00f3v\u00e9delem)<\/li>\n<\/ul>\n<h5><strong><br \/>\n4. A szerz\u0151d\u00e9s l\u00e9trej\u00f6tte<\/strong><\/h5>\n<p>4.1. A web\u00e1ruh\u00e1zban felt\u00fcntetett term\u00e9kek nem min\u0151s\u00fclnek aj\u00e1nlatnak, hanem aj\u00e1nlatt\u00e9teli\nfelh\u00edv\u00e1snak.<br \/>\n4.2. A Vev\u0151 megrendel\u00e9se aj\u00e1nlatnak min\u0151s\u00fcl.<br \/>\n4.3. A szerz\u0151d\u00e9s a Szolg\u00e1ltat\u00f3 visszaigazol\u00e1s\u00e1val j\u00f6n l\u00e9tre.<br \/>\n4.4. A Szolg\u00e1ltat\u00f3 jogosult a megrendel\u00e9st indokl\u00e1s n\u00e9lk\u00fcl elutas\u00edtani, k\u00fcl\u00f6n\u00f6sen kock\u00e1zatos vev\u0151, fizet\u00e9si probl\u00e9m\u00e1k vagy kor\u00e1bbi vissza\u00e9l\u00e9s eset\u00e9n.<\/p>\n<h5><strong><br \/>\n5. Term\u00e9kek saj\u00e1toss\u00e1gai (numizmatikai kik\u00f6t\u00e9sek)<\/strong><\/h5>\n<p>5.1. A term\u00e9kek gy\u0171jt\u0151i t\u00e1rgyak, nem min\u0151s\u00fclnek t\u00f6megterm\u00e9knek.<br \/>\n5.2. Az \u00e1llapot (grading) szakmai v\u00e9lem\u00e9ny, amely elt\u00e9rhet m\u00e1s szak\u00e9rt\u0151k meg\u00edt\u00e9l\u00e9s\u00e9t\u0151l.<br \/>\n5.3. K\u00e9p \u00e9s le\u00edr\u00e1s elt\u00e9r\u00e9se eset\u00e9n a k\u00e9p az ir\u00e1nyad\u00f3.<br \/>\n5.4. A Vev\u0151 tudom\u00e1sul veszi, hogy a numizmatikai \u00e9rt\u00e9k szubjekt\u00edv \u00e9s piaci ingadoz\u00e1snak kitett.<\/p>\n<h5><strong><br \/>\n6. \u00c1r \u00e9s fizet\u00e9s<\/strong><\/h5>\n<p>6.1. Az \u00e1rak eur\u00f3ban (\u20ac) vagy forintban (Ft) ker\u00fclnek felt\u00fcntet\u00e9sre.<br \/>\n6.2. Az \u00e1rak fixek.<br \/>\n6.3. Az \u00e1rak tartalmazz\u00e1k az \u00e1f\u00e1t, amennyiben alkalmazand\u00f3.<br \/>\n6.4. Fizet\u00e9si m\u00f3dok:<\/p>\n<ul>\n<li>banki \u00e1tutal\u00e1s<\/li>\n<li>Wise<\/li>\n<li>bankk\u00e1rtya \/ PayPal (k\u00fcl\u00f6n d\u00edj felsz\u00e1m\u00edthat\u00f3)<\/li>\n<li>k\u00e9szp\u00e9nz (el\u0151zetes egyeztet\u00e9ssel)<\/li>\n<\/ul>\n<p>6.5. Fizet\u00e9si hat\u00e1rid\u0151: 5 munkanap.<br \/>\n6.6. Nemfizet\u00e9s eset\u00e9n a Szolg\u00e1ltat\u00f3 jogosult:<\/p>\n<ul>\n<li>a rendel\u00e9st t\u00f6r\u00f6lni<\/li>\n<li>a Vev\u0151t kiz\u00e1rni a j\u00f6v\u0151beni v\u00e1s\u00e1rl\u00e1sb\u00f3l<\/li>\n<\/ul>\n<h5><strong><br \/>\n7. Sz\u00e1ll\u00edt\u00e1s \u00e9s kock\u00e1zat<\/strong><\/h5>\n<p>7.1. A sz\u00e1ll\u00edt\u00e1s k\u00f6lts\u00e9ge a Vev\u0151t terheli.<br \/>\n7.2. A biztos\u00edt\u00e1s alap\u00e9rtelmezett m\u00e9rt\u00e9ke:<\/p>\n<ul>\n<li>500 \u20ac alatt: nincs biztos\u00edt\u00e1s<\/li>\n<li>500\u2013999 \u20ac: 500 \u20ac<\/li>\n<li>1000\u20132999 \u20ac: 1000 \u20ac<\/li>\n<li>3000 \u20ac felett: 3000 \u20ac<\/li>\n<\/ul>\n<p>7.3. Magasabb biztos\u00edt\u00e1s k\u00fcl\u00f6n k\u00e9r\u00e9sre, fel\u00e1r ellen\u00e9ben vehet\u0151 ig\u00e9nybe. 3000 \u20ac felett a t\u00f6bblet\u00f6sszegre 2% d\u00edj ker\u00fcl felsz\u00e1m\u00edt\u00e1sra.<br \/>\n7.4. A Szolg\u00e1ltat\u00f3 kiz\u00e1r\u00f3lag a megfizetett biztos\u00edt\u00e1s m\u00e9rt\u00e9k\u00e9ig v\u00e1llal felel\u0151ss\u00e9get a csomag elveszt\u00e9se, elt\u0171n\u00e9se vagy megsemmis\u00fcl\u00e9se eset\u00e9n.<br \/>\n7.5. A Vev\u0151nek felr\u00f3hat\u00f3 esem\u00e9ny (k\u00fcl\u00f6n\u00f6sen hib\u00e1s c\u00edm, \u00e1t nem vett csomag) eset\u00e9n minden k\u00f6lts\u00e9g \u00e9s felel\u0151ss\u00e9g a Vev\u0151t terheli.<\/p>\n<h5><strong><br \/>\n8. El\u00e1ll\u00e1si jog (fogyaszt\u00f3k)<\/strong><\/h5>\n<p>8.1. A fogyaszt\u00f3t 14 napos indokol\u00e1s n\u00e9lk\u00fcli el\u00e1ll\u00e1si jog illeti meg.<br \/>\n8.2. Az el\u00e1ll\u00e1si hat\u00e1rid\u0151 az \u00e1tv\u00e9tel napj\u00e1t\u00f3l sz\u00e1m\u00edt.<br \/>\n8.3. A Szolg\u00e1ltat\u00f3 \u2013 a vonatkoz\u00f3 jogszab\u00e1lyok keretein bel\u00fcl \u2013 korl\u00e1tozza vagy kiz\u00e1rja az el\u00e1ll\u00e1si jogot az al\u00e1bbi esetekben:<\/p>\n<ul>\n<li>szem\u00e9lyes \u00e1tv\u00e9tel (megtekint\u00e9st k\u00f6vet\u0151en)<\/li>\n<li>\u201esold as is, no return\u201d megjel\u00f6l\u00e9s\u0171 t\u00e9telek<\/li>\n<li>t\u00f6bb darabos t\u00e9telek (lotok)<\/li>\n<li>alacsony min\u0151s\u00e9g\u0171 (F vagy az alatti) \u00e9rm\u00e9k<\/li>\n<\/ul>\n<p>8.4. El\u00e1ll\u00e1s eset\u00e9n:<\/p>\n<ul>\n<li>a Vev\u0151 k\u00f6teles a term\u00e9ket saj\u00e1t k\u00f6lts\u00e9g\u00e9n visszak\u00fcldeni<\/li>\n<li>a term\u00e9k nem lehet s\u00e9r\u00fclt, m\u00f3dos\u00edtott vagy \u00e1llapot\u00e1ban megv\u00e1ltoztatott<\/li>\n<\/ul>\n<h5><strong><br \/>\n9. Kell\u00e9kszavatoss\u00e1g \u00e9s felel\u0151ss\u00e9g<\/strong><\/h5>\n<p>9.1. A Szolg\u00e1ltat\u00f3 garant\u00e1lja az eredetis\u00e9get, kiv\u00e9ve, ha ez kifejezetten kiz\u00e1r\u00e1sra ker\u00fcl.<br \/>\n9.2. Min\u0151s\u00e9gi kifog\u00e1s kiz\u00e1r\u00f3lag:<\/p>\n<ul>\n<li>\u00edr\u00e1sban<\/li>\n<li>az \u00e1tv\u00e9telt\u0151l sz\u00e1m\u00edtott 14 napon bel\u00fcl \u00e9rv\u00e9nyes\u00edthet\u0151<\/li>\n<\/ul>\n<p>9.3. Nem min\u0151s\u00fcl hib\u00e1nak:<\/p>\n<ul>\n<li>grading elt\u00e9r\u00e9s<\/li>\n<li>eszt\u00e9tikai meg\u00edt\u00e9l\u00e9sbeli k\u00fcl\u00f6nbs\u00e9g<\/li>\n<\/ul>\n<p>9.4. Slab (NGC, PCGS stb.) eset\u00e9n:<\/p>\n<ul>\n<li>a min\u0151s\u00edt\u00e9s\u00e9rt \u00e9s az eredetis\u00e9g\u00e9rt a grading c\u00e9g felel<\/li>\n<li>a Szolg\u00e1ltat\u00f3 semmilyen felel\u0151ss\u00e9get nem v\u00e1llal<\/li>\n<\/ul>\n<p>9.5. A slab felbont\u00e1sa eset\u00e9n minden ig\u00e9ny megsz\u0171nik.<br \/>\n9.6. A Szolg\u00e1ltat\u00f3 felel\u0151ss\u00e9ge legfeljebb a v\u00e9tel\u00e1r \u00f6sszeg\u00e9ig terjed.<br \/>\n9.7. A Szolg\u00e1ltat\u00f3 kiz\u00e1rja a k\u00f6vetkezm\u00e9nyi k\u00e1rok\u00e9rt val\u00f3 felel\u0151ss\u00e9get.<\/p>\n<h5><strong><br \/>\n10. Vev\u0151k kateg\u00f3ri\u00e1i<\/strong><\/h5>\n<p>10.1. Fogyaszt\u00f3: term\u00e9szetes szem\u00e9ly, aki nem \u00fczleti c\u00e9llal v\u00e1s\u00e1rol.<br \/>\n10.2. V\u00e1llalkoz\u00e1s \/ keresked\u0151:<\/p>\n<ul>\n<li>nem illeti meg el\u00e1ll\u00e1si jog<\/li>\n<li>kiz\u00e1r\u00f3lag eredetis\u00e9gi kifog\u00e1st \u00e9rv\u00e9nyes\u00edthet<\/li>\n<\/ul>\n<h5><strong><br \/>\n11. Adatkezel\u00e9s<\/strong><\/h5>\n<p>11.1. A Szolg\u00e1ltat\u00f3 a szem\u00e9lyes adatokat a GDPR rendelkez\u00e9seinek megfelel\u0151en kezeli.<br \/>\n11.2. Az adatkezel\u00e9s r\u00e9szleteit k\u00fcl\u00f6n adatkezel\u00e9si t\u00e1j\u00e9koztat\u00f3 tartalmazza.<\/p>\n<h5><strong><br \/>\n12. Jogvit\u00e1k<\/strong><\/h5>\n<p>12.1. Ir\u00e1nyad\u00f3 jog: magyar jog.<br \/>\n12.2. A felek a jogvit\u00e1k eld\u00f6nt\u00e9s\u00e9re \u2013 a vonatkoz\u00f3 jogszab\u00e1lyi rendelkez\u00e9sek keretein bel\u00fcl \u2013 a Budapest sz\u00e9khely\u0171 b\u00edr\u00f3s\u00e1gok illet\u00e9kess\u00e9g\u00e9t k\u00f6tik ki.<br \/>\n12.3. A fogyaszt\u00f3 jogosult b\u00e9k\u00e9ltet\u0151 test\u00fclethez fordulni.<\/p>\n<h5><strong><br \/>\n13. Z\u00e1r\u00f3 rendelkez\u00e9sek<\/strong><\/h5>\n<p>13.1. A Szolg\u00e1ltat\u00f3 jogosult jelen \u00c1SZF egyoldal\u00fa m\u00f3dos\u00edt\u00e1s\u00e1ra.<br \/>\n13.2. A m\u00f3dos\u00edt\u00e1s a weboldalon t\u00f6rt\u00e9n\u0151 k\u00f6zz\u00e9t\u00e9tellel l\u00e9p hat\u00e1lyba.<\/p>\n<p><em>Kelt: Budapest, 2026. 01. 05.<\/em><\/p>\n\t\t\t\t\t\t\t\t<\/div>\n\t\t\t\t<\/div>\n\t\t\t\t\t<\/div>\n\t\t\t\t<\/div>\n\t\t\t\t<\/div>\n\t\t\t\t<\/div>","protected":false},"excerpt":{"rendered":"","protected":false},"author":1,"featured_media":0,"parent":0,"menu_order":0,"comment_status":"closed","ping_status":"closed","template":"","meta":{"_acf_changed":false},"class_list":["post-893","page","type-page","status-publish"],"acf":[],"_links":{"self":[{"href":"https:\/\/provenance.designarea.hu\/hu\/wp-json\/wp\/v2\/pages\/893","targetHints":{"allow":["GET"]}}],"collection":[{"href":"https:\/\/provenance.designarea.hu\/hu\/wp-json\/wp\/v2\/pages"}],"about":[{"href":"https:\/\/provenance.designarea.hu\/hu\/wp-json\/wp\/v2\/types\/page"}],"author":[{"embeddable":true,"href":"https:\/\/provenance.designarea.hu\/hu\/wp-json\/wp\/v2\/users\/1"}],"replies":[{"embeddable":true,"href":"https:\/\/provenance.designarea.hu\/hu\/wp-json\/wp\/v2\/comments?post=893"}],"version-history":[{"count":8,"href":"https:\/\/provenance.designarea.hu\/hu\/wp-json\/wp\/v2\/pages\/893\/revisions"}],"predecessor-version":[{"id":2355,"href":"https:\/\/provenance.designarea.hu\/hu\/wp-json\/wp\/v2\/pages\/893\/revisions\/2355"}],"wp:attachment":[{"href":"https:\/\/provenance.designarea.hu\/hu\/wp-json\/wp\/v2\/media?parent=893"}],"curies":[{"name":"wp","href":"https:\/\/api.w.org\/{rel}","templated":true}]}}