{"id":891,"date":"2026-02-09T16:07:37","date_gmt":"2026-02-09T16:07:37","guid":{"rendered":"https:\/\/provenance.designarea.hu\/?page_id=891"},"modified":"2026-03-26T14:45:30","modified_gmt":"2026-03-26T13:45:30","slug":"privacy-policy","status":"publish","type":"page","link":"https:\/\/provenance.designarea.hu\/hu\/privacy-policy\/","title":{"rendered":"Adatv\u00e9delmi T\u00e1j\u00e9koztat\u00f3"},"content":{"rendered":"<div data-elementor-type=\"wp-page\" data-elementor-id=\"891\" class=\"elementor elementor-891\" data-elementor-post-type=\"page\">\n\t\t\t\t<div class=\"elementor-element elementor-element-29e7c3b e-con-full e-flex e-con e-parent\" data-id=\"29e7c3b\" data-element_type=\"container\" data-e-type=\"container\">\n\t\t<div class=\"elementor-element elementor-element-bc0d49e responsive e-flex e-con-boxed e-con e-child\" data-id=\"bc0d49e\" data-element_type=\"container\" data-e-type=\"container\">\n\t\t\t\t\t<div class=\"e-con-inner\">\n\t\t<div class=\"elementor-element elementor-element-f44b22b e-con-full custom-breadcrumbs-holder e-flex e-con e-child\" data-id=\"f44b22b\" data-element_type=\"container\" data-e-type=\"container\">\n\t\t\t\t<div class=\"elementor-element elementor-element-51c2800 elementor-view-default elementor-widget elementor-widget-icon\" data-id=\"51c2800\" data-element_type=\"widget\" data-e-type=\"widget\" data-widget_type=\"icon.default\">\n\t\t\t\t\t\t\t<div class=\"elementor-icon-wrapper\">\n\t\t\t<div class=\"elementor-icon\">\n\t\t\t<svg xmlns=\"http:\/\/www.w3.org\/2000\/svg\" width=\"15\" height=\"16\" viewbox=\"0 0 15 16\" fill=\"none\"><path d=\"M7.08812 0.150612C7.33033 -0.0534476 7.68475 -0.0501496 7.92333 0.160494L14.7804 6.21453C14.92 6.3377 15 6.51565 15 6.70269V15.3514C15 15.7096 14.7122 16 14.3571 16H10.0714C9.71639 16 9.42857 15.7096 9.42857 15.3514V11.8919C9.42857 11.3758 9.22536 10.8808 8.86368 10.5159C8.50201 10.151 8.01143 9.94593 7.5 9.94593C6.98849 9.94593 6.498 10.151 6.13629 10.5159L6.13627 10.5159C5.77459 10.8808 5.57143 11.3758 5.57143 11.8919V15.3514C5.57143 15.7096 5.28361 16 4.92857 16H0.642856C0.287824 16 4.83165e-06 15.7096 0 15.3514V6.70269C2.34274e-06 6.51565 0.0800178 6.3377 0.219525 6.21453L7.07667 0.160494L7.08812 0.150612ZM10.7143 14.7027H13.7143V6.99702L7.5 1.51054L1.28571 6.99702V14.7027H4.28572V11.8919C4.28572 11.0317 4.62438 10.2068 5.22718 9.59858L5.25558 9.57027C5.8555 8.9798 6.66077 8.64864 7.5 8.64864C8.35245 8.64864 9.17005 8.99037 9.77282 9.59858C10.3756 10.2068 10.7143 11.0318 10.7143 11.8919V14.7027Z\" fill=\"black\"><\/path><\/svg>\t\t\t<\/div>\n\t\t<\/div>\n\t\t\t\t\t\t<\/div>\n\t\t\t\t<div class=\"elementor-element elementor-element-cd721b5 custom-breadcrumbs elementor-widget elementor-widget-shortcode\" data-id=\"cd721b5\" data-element_type=\"widget\" data-e-type=\"widget\" data-widget_type=\"shortcode.default\">\n\t\t\t\t\t\t\t<div class=\"elementor-shortcode\"><nav aria-label=\"breadcrumbs\" class=\"rank-math-breadcrumb\"><p><span class=\"last\">F\u0151oldal<\/span><\/p><\/nav><\/div>\n\t\t\t\t\t\t<\/div>\n\t\t\t\t<\/div>\n\t\t\t\t\t<\/div>\n\t\t\t\t<\/div>\n\t\t\t\t<\/div>\n\t\t<div class=\"elementor-element elementor-element-9e9d920 e-con-full e-flex e-con e-parent\" data-id=\"9e9d920\" data-element_type=\"container\" data-e-type=\"container\">\n\t\t<div class=\"elementor-element elementor-element-8600666 responsive e-flex e-con-boxed e-con e-child\" data-id=\"8600666\" data-element_type=\"container\" data-e-type=\"container\">\n\t\t\t\t\t<div class=\"e-con-inner\">\n\t\t<div class=\"elementor-element elementor-element-c5e9a44 e-con-full e-flex e-con e-child\" data-id=\"c5e9a44\" data-element_type=\"container\" data-e-type=\"container\">\n\t\t\t\t<div class=\"elementor-element elementor-element-ec0c7bb elementor-widget-tablet__width-initial elementor-widget-mobile__width-inherit custom-title-black elementor-widget elementor-widget-heading\" data-id=\"ec0c7bb\" data-element_type=\"widget\" data-e-type=\"widget\" data-widget_type=\"heading.default\">\n\t\t\t\t\t<h1 class=\"elementor-heading-title elementor-size-default\">Adatv\u00e9delmi T\u00e1j\u00e9koztat\u00f3<\/h1>\t\t\t\t<\/div>\n\t\t\t\t<div class=\"elementor-element elementor-element-5557be1 custom-body-text elementor-widget elementor-widget-text-editor\" data-id=\"5557be1\" data-element_type=\"widget\" data-e-type=\"widget\" data-widget_type=\"text-editor.default\">\n\t\t\t\t\t\t\t\t\t<p><strong>Hat\u00e1lyos:<\/strong> 2026. 01. 05.<\/p>\n<p>&nbsp;<\/p>\n<h5><strong>1. Adatkezel\u0151 adatai<\/strong><\/h5>\n<p>C\u00e9gn\u00e9v: Provenance Auctions Kft. (a tov\u00e1bbiakban: \u201eAdatkezel\u0151\u201d)<br \/>\nSz\u00e9khely: 1119 Budapest, Andor utca 21\/C. Fsz. 1. ajt\u00f3<br \/>\nC\u00e9gjegyz\u00e9ksz\u00e1m: 01-09-358756<br \/>\nAd\u00f3sz\u00e1m: 27953004-1-43<br \/>\nE-mail: <a href=\"mailto:info@provenanceauctions.eu\">info@provenanceauctions.eu<\/a><\/p>\n<h5><strong><br \/>\n2. Az adatkezel\u00e9si t\u00e1j\u00e9koztat\u00f3 c\u00e9lja<\/strong><\/h5>\n<p>Jelen t\u00e1j\u00e9koztat\u00f3 c\u00e9lja, hogy ismertesse az Adatkezel\u0151 \u00e1ltal v\u00e9gzett adatkezel\u00e9seket a web\u00e1ruh\u00e1z m\u0171k\u00f6dtet\u00e9s\u00e9vel \u00f6sszef\u00fcgg\u00e9sben, a GDPR (EU 2016\/679 rendelet) \u00e9s a vonatkoz\u00f3 magyar jogszab\u00e1lyok alapj\u00e1n.<\/p>\n<h5><strong><br \/>\n3. Kezelt adatok k\u00f6re<\/strong><\/h5>\n<p>Megrendel\u00e9s sor\u00e1n megadott adatok<\/p>\n<ul>\n<li>n\u00e9v<\/li>\n<li>sz\u00e1ml\u00e1z\u00e1si \u00e9s sz\u00e1ll\u00edt\u00e1si c\u00edm<\/li>\n<li>e-mail c\u00edm<\/li>\n<li>telefonsz\u00e1m<\/li>\n<li>c\u00e9gn\u00e9v (ha relev\u00e1ns)<\/li>\n<li>ad\u00f3sz\u00e1m (v\u00e1llalkoz\u00e1s eset\u00e9n)<\/li>\n<\/ul>\n<p>Technikai adatok<\/p>\n<ul>\n<li>IP-c\u00edm<\/li>\n<li>b\u00f6ng\u00e9sz\u0151 t\u00edpusa<\/li>\n<li>l\u00e1togat\u00e1s id\u0151pontja<\/li>\n<li>cookie-k (l\u00e1sd 12. pont)<\/li>\n<\/ul>\n<p>Fizet\u00e9si adatok<\/p>\n<ul>\n<li>Az Adatkezel\u0151 nem t\u00e1rol bankk\u00e1rtya adatokat. A fizet\u00e9sek k\u00fcls\u0151 szolg\u00e1ltat\u00f3kon kereszt\u00fcl t\u00f6rt\u00e9nnek.<\/li>\n<\/ul>\n<h5><strong><br \/>\n4. Az adatkezel\u00e9s c\u00e9lja \u00e9s jogalapja<\/strong><\/h5>\n<p>Szerz\u0151d\u00e9s teljes\u00edt\u00e9se (rendel\u00e9s, sz\u00e1ll\u00edt\u00e1s) \u2013 <em>GDPR 6. cikk (1) c)<\/em><br \/>\nSz\u00e1ml\u00e1z\u00e1s, k\u00f6nyvel\u00e9s \u2013 <em>GDPR 6. cikk (1) c)<\/em><br \/>\nKapcsolattart\u00e1s \u2013 <em>GDPR 6. cikk (1) c)<\/em><br \/>\nJog\u00e9rv\u00e9nyes\u00edt\u00e9s \u2013 <em>GDPR 6. cikk (1) f)<\/em><br \/>\nWeboldal m\u0171k\u00f6dtet\u00e9se \u2013 <em>GDPR 6. cikk (1) f)<\/em><br \/>\nMarketing (ha van) \u2013 <em>GDPR 6. cikk (1) a)<\/em><\/p>\n<h5><strong><br \/>\n5. Adatkezel\u00e9s id\u0151tartama<\/strong><\/h5>\n<ul>\n<li>Sz\u00e1ml\u00e1z\u00e1si adatok: 8 \u00e9v (sz\u00e1mviteli t\u00f6rv\u00e9ny alapj\u00e1n)<\/li>\n<li>Szerz\u0151d\u00e9ses adatok: 5 \u00e9v (polg\u00e1ri jogi el\u00e9v\u00fcl\u00e9s)<\/li>\n<li>Marketing hozz\u00e1j\u00e1rul\u00e1s: visszavon\u00e1sig<\/li>\n<li>Technikai adatok: legfeljebb 1 \u00e9v<\/li>\n<\/ul>\n<h5><strong><br \/>\n6. Adatfeldolgoz\u00f3k \u00e9s adattov\u00e1bb\u00edt\u00e1s<\/strong><\/h5>\n<p>6.1. Sz\u00e1ll\u00edt\u00e1s<\/p>\n<ul>\n<li>fut\u00e1rszolg\u00e1ltat\u00e1sok (pl. FedEx, GLS, DPD, MPL, stb.)<\/li>\n<\/ul>\n<p>6.2. Fizet\u00e9s<\/p>\n<ul>\n<li>PayPal<\/li>\n<li>banki szolg\u00e1ltat\u00f3k<\/li>\n<li>Wise<\/li>\n<\/ul>\n<p>6.3. IT szolg\u00e1ltat\u00f3k<\/p>\n<ul>\n<li>t\u00e1rhelyszolg\u00e1ltat\u00f3<\/li>\n<li>webfejleszt\u0151<\/li>\n<\/ul>\n<p>Az adatok kiz\u00e1r\u00f3lag a sz\u00fcks\u00e9ges m\u00e9rt\u00e9kben ker\u00fclnek tov\u00e1bb\u00edt\u00e1sra.<\/p>\n<h5><strong><br \/>\n7. Nemzetk\u00f6zi adattov\u00e1bb\u00edt\u00e1s<\/strong><\/h5>\n<p>Harmadik orsz\u00e1gba t\u00f6rt\u00e9n\u0151 adattov\u00e1bb\u00edt\u00e1s (pl. PayPal) eset\u00e9n az Adatkezel\u0151 biztos\u00edtja a GDPR szerinti megfelel\u0151 garanci\u00e1kat (pl. EU megfelel\u0151s\u00e9gi hat\u00e1rozat, standard szerz\u0151d\u00e9si felt\u00e9telek).<\/p>\n<h5><strong><br \/>\n8. \u00c9rintetti jogok<\/strong><\/h5>\n<p>Az \u00e9rintett jogosult:<\/p>\n<ul>\n<li>hozz\u00e1f\u00e9r\u00e9st k\u00e9rni szem\u00e9lyes adataihoz<\/li>\n<li>k\u00e9rni azok helyesb\u00edt\u00e9s\u00e9t<\/li>\n<li>k\u00e9rni t\u00f6rl\u00e9s\u00fcket (\u201eelfeledtet\u00e9s\u201d)<\/li>\n<li>k\u00e9rni az adatkezel\u00e9s korl\u00e1toz\u00e1s\u00e1t<\/li>\n<li>tiltakozni az adatkezel\u00e9s ellen<\/li>\n<li>adathordozhat\u00f3s\u00e1ghoz<\/li>\n<\/ul>\n<p>A k\u00e9relmeket a k\u00f6vetkez\u0151 email c\u00edmen lehet beny\u00fajtani: <a href=\"mailto:info@provenanceauctions.eu\">info@provenanceauctions.eu<\/a><\/p>\n<h5><strong><br \/>\n9. Jogorvoslati lehet\u0151s\u00e9gek<\/strong><\/h5>\n<p>Az \u00e9rintett panasszal \u00e9lhet:<br \/>\nNemzeti Adatv\u00e9delmi \u00e9s Inform\u00e1ci\u00f3szabads\u00e1g Hat\u00f3s\u00e1g (NAIH)\nC\u00edm: 1055 Budapest, Falk Miksa utca 9-11.\nWeb: www.naih.hu<br \/>\nTov\u00e1bb\u00e1 b\u00edr\u00f3s\u00e1ghoz is fordulhat.<\/p>\n<h5><strong><br \/>\n10. Adatbiztons\u00e1g<\/strong><\/h5>\n<p>Az Adatkezel\u0151 megfelel\u0151 technikai \u00e9s szervez\u00e9si int\u00e9zked\u00e9seket alkalmaz, k\u00fcl\u00f6n\u00f6sen:<\/p>\n<ul>\n<li>SSL titkos\u00edt\u00e1s<\/li>\n<li>hozz\u00e1f\u00e9r\u00e9s-korl\u00e1toz\u00e1s<\/li>\n<li>rendszeres ment\u00e9sek<\/li>\n<\/ul>\n<h5><strong><br \/>\n11. Automatiz\u00e1lt d\u00f6nt\u00e9shozatal<\/strong><\/h5>\n<p>Az Adatkezel\u0151 nem alkalmaz automatiz\u00e1lt d\u00f6nt\u00e9shozatalt vagy profilalkot\u00e1st.<\/p>\n<h5><strong><br \/>\n12. S\u00fctik<\/strong><\/h5>\n<p>A weboldal cookie-kat haszn\u00e1l az al\u00e1bbi c\u00e9lokra:<\/p>\n<ul>\n<li>m\u0171k\u00f6d\u00e9s biztos\u00edt\u00e1sa<\/li>\n<li>felhaszn\u00e1l\u00f3i \u00e9lm\u00e9ny jav\u00edt\u00e1sa<\/li>\n<li>statisztika<\/li>\n<\/ul>\n<p>A felhaszn\u00e1l\u00f3 a cookie-k haszn\u00e1lat\u00e1hoz hozz\u00e1j\u00e1rulhat, illetve azokat b\u00f6ng\u00e9sz\u0151j\u00e9ben kezelheti.<\/p>\n<h5><strong><br \/>\n13. Kapcsolatfelv\u00e9tel<\/strong><\/h5>\n<p>Az Adatkezel\u0151 e-mailen kereszt\u00fcl t\u00f6rt\u00e9n\u0151 megkeres\u00e9s eset\u00e9n a megadott adatokat kiz\u00e1r\u00f3lag a\nv\u00e1laszad\u00e1s c\u00e9lj\u00e1b\u00f3l kezeli.<\/p>\n<h5><strong>\u00a0<\/strong><\/h5>\n<h5><strong>14. M\u00f3dos\u00edt\u00e1s<\/strong><\/h5>\n<p>Az Adatkezel\u0151 jogosult jelen t\u00e1j\u00e9koztat\u00f3 m\u00f3dos\u00edt\u00e1s\u00e1ra. A m\u00f3dos\u00edt\u00e1s a k\u00f6zz\u00e9t\u00e9tellel l\u00e9p hat\u00e1lyba.<\/p>\n<p><em>Kelt: Budapest, 2026. 01. 05.<\/em><\/p>\n\t\t\t\t\t\t\t\t<\/div>\n\t\t\t\t<\/div>\n\t\t\t\t\t<\/div>\n\t\t\t\t<\/div>\n\t\t\t\t<\/div>\n\t\t\t\t<\/div>","protected":false},"excerpt":{"rendered":"","protected":false},"author":1,"featured_media":0,"parent":0,"menu_order":0,"comment_status":"closed","ping_status":"closed","template":"","meta":{"_acf_changed":false},"class_list":["post-891","page","type-page","status-publish"],"acf":[],"_links":{"self":[{"href":"https:\/\/provenance.designarea.hu\/hu\/wp-json\/wp\/v2\/pages\/891","targetHints":{"allow":["GET"]}}],"collection":[{"href":"https:\/\/provenance.designarea.hu\/hu\/wp-json\/wp\/v2\/pages"}],"about":[{"href":"https:\/\/provenance.designarea.hu\/hu\/wp-json\/wp\/v2\/types\/page"}],"author":[{"embeddable":true,"href":"https:\/\/provenance.designarea.hu\/hu\/wp-json\/wp\/v2\/users\/1"}],"replies":[{"embeddable":true,"href":"https:\/\/provenance.designarea.hu\/hu\/wp-json\/wp\/v2\/comments?post=891"}],"version-history":[{"count":4,"href":"https:\/\/provenance.designarea.hu\/hu\/wp-json\/wp\/v2\/pages\/891\/revisions"}],"predecessor-version":[{"id":2352,"href":"https:\/\/provenance.designarea.hu\/hu\/wp-json\/wp\/v2\/pages\/891\/revisions\/2352"}],"wp:attachment":[{"href":"https:\/\/provenance.designarea.hu\/hu\/wp-json\/wp\/v2\/media?parent=891"}],"curies":[{"name":"wp","href":"https:\/\/api.w.org\/{rel}","templated":true}]}}