{"id":87,"date":"2026-02-03T13:25:06","date_gmt":"2026-02-03T13:25:06","guid":{"rendered":"https:\/\/provenance.designarea.hu\/?page_id=87"},"modified":"2026-03-19T10:55:48","modified_gmt":"2026-03-19T09:55:48","slug":"consignment-services","status":"publish","type":"page","link":"https:\/\/provenance.designarea.hu\/hu\/our-services\/consignment-services\/","title":{"rendered":"Bizom\u00e1nyosi \u00e9rt\u00e9kes\u00edt\u00e9s"},"content":{"rendered":"\t\t<div data-elementor-type=\"wp-page\" data-elementor-id=\"87\" class=\"elementor elementor-87\" data-elementor-post-type=\"page\">\n\t\t\t\t<div class=\"elementor-element elementor-element-5200947 e-con-full e-flex e-con e-parent\" data-id=\"5200947\" data-element_type=\"container\" data-e-type=\"container\">\n\t\t<div class=\"elementor-element elementor-element-eba6d13 responsive e-flex e-con-boxed e-con e-child\" data-id=\"eba6d13\" data-element_type=\"container\" data-e-type=\"container\">\n\t\t\t\t\t<div class=\"e-con-inner\">\n\t\t<div class=\"elementor-element elementor-element-fa7bd7c e-con-full custom-breadcrumbs-holder e-flex e-con e-child\" data-id=\"fa7bd7c\" data-element_type=\"container\" data-e-type=\"container\">\n\t\t\t\t<div class=\"elementor-element elementor-element-2639362 elementor-view-default elementor-widget elementor-widget-icon\" data-id=\"2639362\" data-element_type=\"widget\" data-e-type=\"widget\" data-widget_type=\"icon.default\">\n\t\t\t\t\t\t\t<div class=\"elementor-icon-wrapper\">\n\t\t\t<div class=\"elementor-icon\">\n\t\t\t<svg xmlns=\"http:\/\/www.w3.org\/2000\/svg\" width=\"15\" height=\"16\" viewBox=\"0 0 15 16\" fill=\"none\"><path d=\"M7.08812 0.150612C7.33033 -0.0534476 7.68475 -0.0501496 7.92333 0.160494L14.7804 6.21453C14.92 6.3377 15 6.51565 15 6.70269V15.3514C15 15.7096 14.7122 16 14.3571 16H10.0714C9.71639 16 9.42857 15.7096 9.42857 15.3514V11.8919C9.42857 11.3758 9.22536 10.8808 8.86368 10.5159C8.50201 10.151 8.01143 9.94593 7.5 9.94593C6.98849 9.94593 6.498 10.151 6.13629 10.5159L6.13627 10.5159C5.77459 10.8808 5.57143 11.3758 5.57143 11.8919V15.3514C5.57143 15.7096 5.28361 16 4.92857 16H0.642856C0.287824 16 4.83165e-06 15.7096 0 15.3514V6.70269C2.34274e-06 6.51565 0.0800178 6.3377 0.219525 6.21453L7.07667 0.160494L7.08812 0.150612ZM10.7143 14.7027H13.7143V6.99702L7.5 1.51054L1.28571 6.99702V14.7027H4.28572V11.8919C4.28572 11.0317 4.62438 10.2068 5.22718 9.59858L5.25558 9.57027C5.8555 8.9798 6.66077 8.64864 7.5 8.64864C8.35245 8.64864 9.17005 8.99037 9.77282 9.59858C10.3756 10.2068 10.7143 11.0318 10.7143 11.8919V14.7027Z\" fill=\"black\"><\/path><\/svg>\t\t\t<\/div>\n\t\t<\/div>\n\t\t\t\t\t\t<\/div>\n\t\t\t\t<div class=\"elementor-element elementor-element-ab2ab2f custom-breadcrumbs elementor-widget elementor-widget-shortcode\" data-id=\"ab2ab2f\" data-element_type=\"widget\" data-e-type=\"widget\" data-widget_type=\"shortcode.default\">\n\t\t\t\t\t\t\t<div class=\"elementor-shortcode\"><nav aria-label=\"breadcrumbs\" class=\"rank-math-breadcrumb\"><p><span class=\"last\">Home<\/span><\/p><\/nav><\/div>\n\t\t\t\t\t\t<\/div>\n\t\t\t\t<\/div>\n\t\t\t\t\t<\/div>\n\t\t\t\t<\/div>\n\t\t\t\t<\/div>\n\t\t<div class=\"elementor-element elementor-element-d4de268 e-con-full e-flex e-con e-parent\" data-id=\"d4de268\" data-element_type=\"container\" data-e-type=\"container\">\n\t\t<div class=\"elementor-element elementor-element-feba81d responsive e-flex e-con-boxed e-con e-child\" data-id=\"feba81d\" data-element_type=\"container\" data-e-type=\"container\">\n\t\t\t\t\t<div class=\"e-con-inner\">\n\t\t<div class=\"elementor-element elementor-element-62a3c39 e-con-full e-flex e-con e-child\" data-id=\"62a3c39\" data-element_type=\"container\" data-e-type=\"container\" data-settings=\"{&quot;background_background&quot;:&quot;classic&quot;}\">\n\t\t\t\t<div class=\"elementor-element elementor-element-82c8ce3 elementor-widget-tablet__width-initial elementor-widget-mobile__width-inherit custom-title-black elementor-widget elementor-widget-heading\" data-id=\"82c8ce3\" data-element_type=\"widget\" data-e-type=\"widget\" data-widget_type=\"heading.default\">\n\t\t\t\t\t<h1 class=\"elementor-heading-title elementor-size-default\">Consignment services<\/h1>\t\t\t\t<\/div>\n\t\t\t\t<\/div>\n\t\t\t\t\t<\/div>\n\t\t\t\t<\/div>\n\t\t\t\t<\/div>\n\t\t<div class=\"elementor-element elementor-element-99028a1 e-con-full e-flex e-con e-parent\" data-id=\"99028a1\" data-element_type=\"container\" data-e-type=\"container\">\n\t\t<div class=\"elementor-element elementor-element-dc66f1b responsive e-flex e-con-boxed e-con e-child\" data-id=\"dc66f1b\" data-element_type=\"container\" data-e-type=\"container\">\n\t\t\t\t\t<div class=\"e-con-inner\">\n\t\t\t\t<div class=\"elementor-element elementor-element-ce2e4f1 elementor-widget elementor-widget-heading\" data-id=\"ce2e4f1\" data-element_type=\"widget\" data-e-type=\"widget\" data-widget_type=\"heading.default\">\n\t\t\t\t\t<h2 class=\"elementor-heading-title elementor-size-default\">Positioned for Exceptional Results<\/h2>\t\t\t\t<\/div>\n\t\t\t\t<div class=\"elementor-element elementor-element-d015c44 custom-body-text elementor-widget elementor-widget-text-editor\" data-id=\"d015c44\" data-element_type=\"widget\" data-e-type=\"widget\" data-widget_type=\"text-editor.default\">\n\t\t\t\t\t\t\t\t\t<p>If your objective is optimal market realization, your material deserves structured presentation within a professionally managed international auction.<\/p>\n<p>With long-standing experience in the numismatic market and an established global collector network, we position carefully selected material to achieve competitive and well-documented auction results.<\/p>\n<p>We handle gold and silver coins, historically significant issues, medals, banknotes and complete collections of distinction.<\/p>\n<p><span style=\"color: #000000\"><strong>Selective Admission. No Seller\u2019s Commission.<\/strong><\/span><\/p>\n<p>We operate a selective consignment model. For accepted material, we charge no seller\u2019s commission. This structure allows consignors to benefit fully from competitive bidding results. At the same time, our zero-commission policy means that we accept only material that meets defined quality, authenticity and marketability standards.<\/p>\n<p>Each consignment is evaluated individually. Priority is given to:<\/p>\n<ul>\n<li>Historically important or rare pieces<\/li>\n<li>Investment-grade gold and silver coins<\/li>\n<li>Well-structured and coherent collections<\/li>\n<li>Material with strong international demand<\/li>\n<\/ul>\n<p><em><span style=\"color: #000000\"><strong>Our focus is not volume, but quality.<\/strong><\/span><\/em><\/p>\n\t\t\t\t\t\t\t\t<\/div>\n\t\t\t\t\t<\/div>\n\t\t\t\t<\/div>\n\t\t\t\t<\/div>\n\t\t<div class=\"elementor-element elementor-element-17ad77b e-con-full e-flex e-con e-parent\" data-id=\"17ad77b\" data-element_type=\"container\" data-e-type=\"container\">\n\t\t<div class=\"elementor-element elementor-element-b08fe23 responsive e-flex e-con-boxed e-con e-child\" data-id=\"b08fe23\" data-element_type=\"container\" data-e-type=\"container\">\n\t\t\t\t\t<div class=\"e-con-inner\">\n\t\t\t\t<div class=\"elementor-element elementor-element-fcaa34b elementor-widget elementor-widget-heading\" data-id=\"fcaa34b\" data-element_type=\"widget\" data-e-type=\"widget\" data-widget_type=\"heading.default\">\n\t\t\t\t\t<h2 class=\"elementor-heading-title elementor-size-default\">Professional Presentation &amp; Global Exposure<\/h2>\t\t\t\t<\/div>\n\t\t\t\t<div class=\"elementor-element elementor-element-3f575c2 custom-body-text elementor-widget elementor-widget-text-editor\" data-id=\"3f575c2\" data-element_type=\"widget\" data-e-type=\"widget\" data-widget_type=\"text-editor.default\">\n\t\t\t\t\t\t\t\t\t<p>Accepted consignments receive:<\/p>\n<ul>\n<li>High-resolution professional photography<\/li>\n<li>Precise and research-based cataloguing<\/li>\n<li>Structured international marketing<\/li>\n<li>Placement on leading global numismatic auction platforms<\/li>\n<li>Direct communication with established collectors and institutional buyers<\/li>\n<\/ul>\n<p>Exceptional pieces may receive extended presentation and multilingual exposure.<\/p>\n\t\t\t\t\t\t\t\t<\/div>\n\t\t\t\t\t<\/div>\n\t\t\t\t<\/div>\n\t\t\t\t<\/div>\n\t\t<div class=\"elementor-element elementor-element-7d670d0 e-con-full e-flex e-con e-parent\" data-id=\"7d670d0\" data-element_type=\"container\" data-e-type=\"container\">\n\t\t<div class=\"elementor-element elementor-element-df8ec2c responsive e-flex e-con-boxed e-con e-child\" data-id=\"df8ec2c\" data-element_type=\"container\" data-e-type=\"container\">\n\t\t\t\t\t<div class=\"e-con-inner\">\n\t\t\t\t<div class=\"elementor-element elementor-element-e9864b7 elementor-widget elementor-widget-heading\" data-id=\"e9864b7\" data-element_type=\"widget\" data-e-type=\"widget\" data-widget_type=\"heading.default\">\n\t\t\t\t\t<h2 class=\"elementor-heading-title elementor-size-default\">Structured &amp; Discreet Process<\/h2>\t\t\t\t<\/div>\n\t\t\t\t<div class=\"elementor-element elementor-element-7c820d7 custom-body-text elementor-widget elementor-widget-text-editor\" data-id=\"7c820d7\" data-element_type=\"widget\" data-e-type=\"widget\" data-widget_type=\"text-editor.default\">\n\t\t\t\t\t\t\t\t\t<ol>\n<li><span style=\"color: #000000\"><strong>Initial Review<\/strong><\/span> \u2013 Submission of photographs or inventory list.<\/li>\n<li><span style=\"color: #000000\"><strong>Professional Evaluation<\/strong><\/span> \u2013 Assessment of suitability and market positioning.<\/li>\n<li><span style=\"color: #000000\"><strong>Formal Agreement &amp; Handover<\/strong><\/span> \u2013 Contractual clarity and documented intake.<\/li>\n<li><span style=\"color: #000000\"><strong>Auction &amp; Settlement<\/strong> <\/span>\u2013 Transparent post-sale reporting and timely payment.<\/li>\n<\/ol>\n<p>Advance payments may be considered for significant consignments.<\/p>\n\t\t\t\t\t\t\t\t<\/div>\n\t\t\t\t\t<\/div>\n\t\t\t\t<\/div>\n\t\t\t\t<\/div>\n\t\t<div class=\"elementor-element elementor-element-20cd1b3 e-con-full e-flex e-con e-parent\" data-id=\"20cd1b3\" data-element_type=\"container\" data-e-type=\"container\">\n\t\t<div class=\"elementor-element elementor-element-f61cd1a responsive e-flex e-con-boxed e-con e-child\" data-id=\"f61cd1a\" data-element_type=\"container\" data-e-type=\"container\">\n\t\t\t\t\t<div class=\"e-con-inner\">\n\t\t\t\t<div class=\"elementor-element elementor-element-b618f24 elementor-widget elementor-widget-heading\" data-id=\"b618f24\" data-element_type=\"widget\" data-e-type=\"widget\" data-widget_type=\"heading.default\">\n\t\t\t\t\t<h2 class=\"elementor-heading-title elementor-size-default\">Reputation &amp; Responsibility<\/h2>\t\t\t\t<\/div>\n\t\t\t\t<div class=\"elementor-element elementor-element-496ad6d custom-body-text elementor-widget elementor-widget-text-editor\" data-id=\"496ad6d\" data-element_type=\"widget\" data-e-type=\"widget\" data-widget_type=\"text-editor.default\">\n\t\t\t\t\t\t\t\t\t<p>We align our interests with those of our consignors.<br \/>\nSelective admission, professional presentation and a zero seller\u2019s commission structure form the foundation of our approach \u2014 ensuring that only material of genuine numismatic relevance enters our auctions.<\/p>\n\t\t\t\t\t\t\t\t<\/div>\n\t\t\t\t\t<\/div>\n\t\t\t\t<\/div>\n\t\t\t\t<\/div>\n\t\t<div class=\"elementor-element elementor-element-2b5018e e-con-full e-flex e-con e-parent\" data-id=\"2b5018e\" data-element_type=\"container\" data-e-type=\"container\">\n\t\t<div class=\"elementor-element elementor-element-b89b278 responsive custom-banner-container e-flex e-con-boxed e-con e-child\" data-id=\"b89b278\" data-element_type=\"container\" data-e-type=\"container\" data-settings=\"{&quot;background_background&quot;:&quot;classic&quot;}\">\n\t\t\t\t\t<div class=\"e-con-inner\">\n\t\t<div class=\"elementor-element elementor-element-b5045cd e-con-full e-flex e-con e-child\" data-id=\"b5045cd\" data-element_type=\"container\" data-e-type=\"container\" data-settings=\"{&quot;background_background&quot;:&quot;classic&quot;}\">\n\t\t\t\t<div class=\"elementor-element elementor-element-b5e4537 custom-title-white elementor-widget__width-initial elementor-widget elementor-widget-heading\" data-id=\"b5e4537\" data-element_type=\"widget\" data-e-type=\"widget\" data-widget_type=\"heading.default\">\n\t\t\t\t\t<h3 class=\"elementor-heading-title elementor-size-default\">Looking to consign coins for structured market realization?<\/h3>\t\t\t\t<\/div>\n\t\t\t\t<div class=\"elementor-element elementor-element-d633bc7 elementor-widget__width-initial custom-white-text elementor-widget elementor-widget-text-editor\" data-id=\"d633bc7\" data-element_type=\"widget\" data-e-type=\"widget\" data-widget_type=\"text-editor.default\">\n\t\t\t\t\t\t\t\t\tWe work with selected collectors to present quality material within a professionally managed international auction environment, designed to maximize competitive bidding.\t\t\t\t\t\t\t\t<\/div>\n\t\t\t\t<div class=\"elementor-element elementor-element-abc97e6 custom-white-button elementor-widget elementor-widget-button\" data-id=\"abc97e6\" data-element_type=\"widget\" data-e-type=\"widget\" data-widget_type=\"button.default\">\n\t\t\t\t\t\t\t\t\t\t<a class=\"elementor-button elementor-button-link elementor-size-sm\" href=\"\/contact\/\">\n\t\t\t\t\t\t<span class=\"elementor-button-content-wrapper\">\n\t\t\t\t\t\t\t\t\t<span class=\"elementor-button-text\">Contact Us<\/span>\n\t\t\t\t\t<\/span>\n\t\t\t\t\t<\/a>\n\t\t\t\t\t\t\t\t<\/div>\n\t\t\t\t<\/div>\n\t\t\t\t\t<\/div>\n\t\t\t\t<\/div>\n\t\t\t\t<\/div>\n\t\t<div class=\"elementor-element elementor-element-3de4c4f e-con-full e-flex e-con e-parent\" data-id=\"3de4c4f\" data-element_type=\"container\" data-e-type=\"container\">\n\t\t\t\t<div class=\"elementor-element elementor-element-5ca55b0 elementor-widget elementor-widget-template\" data-id=\"5ca55b0\" data-element_type=\"widget\" data-e-type=\"widget\" data-widget_type=\"template.default\">\n\t\t\t\t<div class=\"elementor-widget-container\">\n\t\t\t\t\t\t\t<div class=\"elementor-template\">\n\t\t\t\t\t<div data-elementor-type=\"section\" data-elementor-id=\"1971\" class=\"elementor elementor-1971\" data-elementor-post-type=\"elementor_library\">\n\t\t\t<div class=\"elementor-element elementor-element-8fc7bc5 responsive e-flex e-con-boxed e-con e-child\" data-id=\"8fc7bc5\" data-element_type=\"container\" data-e-type=\"container\">\n\t\t\t\t\t<div class=\"e-con-inner\">\n\t\t<div class=\"elementor-element elementor-element-c40e1f8 e-con-full e-flex e-con e-child\" data-id=\"c40e1f8\" data-element_type=\"container\" data-e-type=\"container\">\n\t\t\t\t<div class=\"elementor-element elementor-element-a5fdc45 custom-title-black elementor-widget elementor-widget-heading\" data-id=\"a5fdc45\" data-element_type=\"widget\" data-e-type=\"widget\" data-widget_type=\"heading.default\">\n\t\t\t\t\t<h2 class=\"elementor-heading-title elementor-size-default\">Consign Now<\/h2>\t\t\t\t<\/div>\n\t\t\t\t<div class=\"elementor-element elementor-element-0e7b935 big-text-black elementor-widget elementor-widget-text-editor\" data-id=\"0e7b935\" data-element_type=\"widget\" data-e-type=\"widget\" data-widget_type=\"text-editor.default\">\n\t\t\t\t\t\t\t\t\t<p>Free valuation for your coins or collection.<\/p>\t\t\t\t\t\t\t\t<\/div>\n\t\t\t\t<div class=\"elementor-element elementor-element-9a806fe big-text elementor-widget elementor-widget-text-editor\" data-id=\"9a806fe\" data-element_type=\"widget\" data-e-type=\"widget\" data-widget_type=\"text-editor.default\">\n\t\t\t\t\t\t\t\t\t<p>Have a question or need assistance? Complete the form and we will respond promptly. We are available to support you at any stage of the consignment process.<\/p>\t\t\t\t\t\t\t\t<\/div>\n\t\t\t\t<\/div>\n\t\t<div class=\"elementor-element elementor-element-d065619 e-con-full e-flex e-con e-child\" data-id=\"d065619\" data-element_type=\"container\" data-e-type=\"container\">\n\t\t\t\t<div class=\"elementor-element elementor-element-ff60fd6 elementor-widget elementor-widget-template\" data-id=\"ff60fd6\" data-element_type=\"widget\" data-e-type=\"widget\" data-widget_type=\"template.default\">\n\t\t\t\t<div class=\"elementor-widget-container\">\n\t\t\t\t\t\t\t<div class=\"elementor-template\">\n\t\t\t\t\t<div data-elementor-type=\"section\" data-elementor-id=\"421\" class=\"elementor elementor-421\" data-elementor-post-type=\"elementor_library\">\n\t\t\t<div class=\"elementor-element elementor-element-f4065d6 e-flex e-con-boxed e-con e-parent\" data-id=\"f4065d6\" data-element_type=\"container\" data-e-type=\"container\">\n\t\t\t\t\t<div class=\"e-con-inner\">\n\t\t\t\t<div class=\"elementor-element elementor-element-4a7d068 elementor-button-align-start custom-form elementor-widget elementor-widget-form\" data-id=\"4a7d068\" data-element_type=\"widget\" data-e-type=\"widget\" data-settings=\"{&quot;step_next_label&quot;:&quot;Next&quot;,&quot;step_previous_label&quot;:&quot;Previous&quot;,&quot;button_width&quot;:&quot;100&quot;,&quot;step_type&quot;:&quot;number_text&quot;,&quot;step_icon_shape&quot;:&quot;circle&quot;}\" data-widget_type=\"form.default\">\n\t\t\t\t\t\t\t<form class=\"elementor-form\" method=\"post\" name=\"Custom Form\" aria-label=\"Custom Form\">\n\t\t\t<input type=\"hidden\" name=\"post_id\" value=\"421\"\/>\n\t\t\t<input type=\"hidden\" name=\"form_id\" value=\"4a7d068\"\/>\n\t\t\t<input type=\"hidden\" name=\"referer_title\" value=\"Home | Provenance Auctions\" \/>\n\n\t\t\t\t\t\t\t<input type=\"hidden\" name=\"queried_id\" value=\"71\"\/>\n\t\t\t\n\t\t\t<div class=\"elementor-form-fields-wrapper elementor-labels-\">\n\t\t\t\t\t\t\t\t<div class=\"elementor-field-type-text elementor-field-group elementor-column elementor-field-group-name elementor-col-50 elementor-field-required\">\n\t\t\t\t\t\t\t\t\t\t\t\t<label for=\"form-field-name\" class=\"elementor-field-label elementor-screen-only\">\n\t\t\t\t\t\t\t\tName\t\t\t\t\t\t\t<\/label>\n\t\t\t\t\t\t\t\t\t\t\t\t\t\t<input size=\"1\" type=\"text\" name=\"form_fields[name]\" id=\"form-field-name\" class=\"elementor-field elementor-size-sm  elementor-field-textual\" placeholder=\"Name\" required=\"required\">\n\t\t\t\t\t\t\t\t\t\t\t<\/div>\n\t\t\t\t\t\t\t\t<div class=\"elementor-field-type-email elementor-field-group elementor-column elementor-field-group-email elementor-col-50 elementor-field-required\">\n\t\t\t\t\t\t\t\t\t\t\t\t<label for=\"form-field-email\" class=\"elementor-field-label elementor-screen-only\">\n\t\t\t\t\t\t\t\tEmail\t\t\t\t\t\t\t<\/label>\n\t\t\t\t\t\t\t\t\t\t\t\t\t\t<input size=\"1\" type=\"email\" name=\"form_fields[email]\" id=\"form-field-email\" class=\"elementor-field elementor-size-sm  elementor-field-textual\" placeholder=\"Email\" required=\"required\">\n\t\t\t\t\t\t\t\t\t\t\t<\/div>\n\t\t\t\t\t\t\t\t<div class=\"elementor-field-type-text\">\n\t\t\t\t\t<input size=\"1\" type=\"text\" name=\"form_fields[field_6e5530a]\" id=\"form-field-field_6e5530a\" class=\"elementor-field elementor-size-sm \" style=\"display:none !important;\">\t\t\t\t<\/div>\n\t\t\t\t\t\t\t\t<div class=\"elementor-field-type-upload elementor-field-group elementor-column elementor-field-group-fileupload elementor-col-100\">\n\t\t\t\t\t\t\t\t\t\t\t\t<label for=\"form-field-fileupload\" class=\"elementor-field-label elementor-screen-only\">\n\t\t\t\t\t\t\t\tFile Upload\t\t\t\t\t\t\t<\/label>\n\t\t\t\t\t\t\t\t<input type=\"file\" name=\"form_fields[fileupload]\" id=\"form-field-fileupload\" class=\"elementor-field elementor-size-sm  elementor-upload-field\" data-maxsize=\"3\" data-maxsize-message=\"This file exceeds the maximum allowed size.\">\n\n\t\t\t\t\t\t<\/div>\n\t\t\t\t\t\t\t\t<div class=\"elementor-field-type-html elementor-field-group elementor-column elementor-field-group-field_e92f0ec elementor-col-100\">\n\t\t\t\t\t<span style=\"color:var(--e-global-color-primary);font-size:13px;\">The maximum upload size is 5MB. Allowed extensions jpg, png, pdf.<\/span>\t\t\t\t<\/div>\n\t\t\t\t\t\t\t\t<div class=\"elementor-field-type-textarea elementor-field-group elementor-column elementor-field-group-message elementor-col-100 elementor-field-required\">\n\t\t\t\t\t\t\t\t\t\t\t\t<label for=\"form-field-message\" class=\"elementor-field-label elementor-screen-only\">\n\t\t\t\t\t\t\t\tMessage\t\t\t\t\t\t\t<\/label>\n\t\t\t\t\t\t<textarea class=\"elementor-field-textual elementor-field  elementor-size-sm\" name=\"form_fields[message]\" id=\"form-field-message\" rows=\"7\" placeholder=\"Message\" required=\"required\"><\/textarea>\t\t\t\t<\/div>\n\t\t\t\t\t\t\t\t<div class=\"elementor-field-type-acceptance elementor-field-group elementor-column elementor-field-group-field_1480ecc elementor-col-100 elementor-field-required\">\n\t\t\t\t\t\t\t\t\t\t\t\t<label for=\"form-field-field_1480ecc\" class=\"elementor-field-label elementor-screen-only\">\n\t\t\t\t\t\t\t\tAcceptance\t\t\t\t\t\t\t<\/label>\n\t\t\t\t\t\t\t\t<div class=\"elementor-field-subgroup\">\n\t\t\t<span class=\"elementor-field-option\">\n\t\t\t\t<input type=\"checkbox\" name=\"form_fields[field_1480ecc]\" id=\"form-field-field_1480ecc\" class=\"elementor-field elementor-size-sm  elementor-acceptance-field\" required=\"required\">\n\t\t\t\t<label for=\"form-field-field_1480ecc\"><span style=\"color:var(--e-global-color-primary);font-size:13px\">I have read the\u00a0<a style=\"color:var(--e-global-color-primary);text-decoration:underline;font-size:13px\" href=\"\">Privacy Notice<\/a>\u00a0and consent to the processing of my data.<\/span><\/label>\t\t\t<\/span>\n\t\t<\/div>\n\t\t\t\t\t\t<\/div>\n\t\t\t\t\t\t\t\t<div class=\"elementor-field-group elementor-column elementor-field-type-submit elementor-col-100 e-form__buttons\">\n\t\t\t\t\t<button class=\"elementor-button elementor-size-sm\" type=\"submit\">\n\t\t\t\t\t\t<span class=\"elementor-button-content-wrapper\">\n\t\t\t\t\t\t\t\t\t\t\t\t\t\t\t\t\t\t\t\t\t\t<span class=\"elementor-button-text\">Send<\/span>\n\t\t\t\t\t\t\t\t\t\t\t\t\t<\/span>\n\t\t\t\t\t<\/button>\n\t\t\t\t<\/div>\n\t\t\t<\/div>\n\t\t<\/form>\n\t\t\t\t\t\t<\/div>\n\t\t\t\t\t<\/div>\n\t\t\t\t<\/div>\n\t\t\t\t<\/div>\n\t\t\t\t<\/div>\n\t\t\t\t\t\t<\/div>\n\t\t\t\t<\/div>\n\t\t\t\t<\/div>\n\t\t\t\t\t<\/div>\n\t\t\t\t<\/div>\n\t\t\t\t<\/div>\n\t\t\t\t<\/div>\n\t\t\t\t\t\t<\/div>\n\t\t\t\t<\/div>\n\t\t\t\t<\/div>\n\t\t\t\t<\/div>\n\t\t","protected":false},"excerpt":{"rendered":"","protected":false},"author":1,"featured_media":0,"parent":77,"menu_order":0,"comment_status":"closed","ping_status":"closed","template":"","meta":{"_acf_changed":false},"class_list":["post-87","page","type-page","status-publish"],"acf":[],"_links":{"self":[{"href":"https:\/\/provenance.designarea.hu\/hu\/wp-json\/wp\/v2\/pages\/87","targetHints":{"allow":["GET"]}}],"collection":[{"href":"https:\/\/provenance.designarea.hu\/hu\/wp-json\/wp\/v2\/pages"}],"about":[{"href":"https:\/\/provenance.designarea.hu\/hu\/wp-json\/wp\/v2\/types\/page"}],"author":[{"embeddable":true,"href":"https:\/\/provenance.designarea.hu\/hu\/wp-json\/wp\/v2\/users\/1"}],"replies":[{"embeddable":true,"href":"https:\/\/provenance.designarea.hu\/hu\/wp-json\/wp\/v2\/comments?post=87"}],"version-history":[{"count":0,"href":"https:\/\/provenance.designarea.hu\/hu\/wp-json\/wp\/v2\/pages\/87\/revisions"}],"up":[{"embeddable":true,"href":"https:\/\/provenance.designarea.hu\/hu\/wp-json\/wp\/v2\/pages\/77"}],"wp:attachment":[{"href":"https:\/\/provenance.designarea.hu\/hu\/wp-json\/wp\/v2\/media?parent=87"}],"curies":[{"name":"wp","href":"https:\/\/api.w.org\/{rel}","templated":true}]}}