{"id":893,"date":"2026-02-09T16:07:46","date_gmt":"2026-02-09T16:07:46","guid":{"rendered":"https:\/\/provenance.designarea.hu\/?page_id=893"},"modified":"2026-03-26T14:55:09","modified_gmt":"2026-03-26T13:55:09","slug":"terms-conditions","status":"publish","type":"page","link":"https:\/\/provenance.designarea.hu\/de\/terms-conditions\/","title":{"rendered":"AGB"},"content":{"rendered":"<div data-elementor-type=\"wp-page\" data-elementor-id=\"893\" class=\"elementor elementor-893\" data-elementor-post-type=\"page\">\n\t\t\t\t<div class=\"elementor-element elementor-element-555889e e-con-full e-flex e-con e-parent\" data-id=\"555889e\" data-element_type=\"container\" data-e-type=\"container\">\n\t\t<div class=\"elementor-element elementor-element-61a9062 responsive e-flex e-con-boxed e-con e-child\" data-id=\"61a9062\" data-element_type=\"container\" data-e-type=\"container\">\n\t\t\t\t\t<div class=\"e-con-inner\">\n\t\t<div class=\"elementor-element elementor-element-9fc6535 e-con-full custom-breadcrumbs-holder e-flex e-con e-child\" data-id=\"9fc6535\" data-element_type=\"container\" data-e-type=\"container\">\n\t\t\t\t<div class=\"elementor-element elementor-element-474f19e elementor-view-default elementor-widget elementor-widget-icon\" data-id=\"474f19e\" data-element_type=\"widget\" data-e-type=\"widget\" data-widget_type=\"icon.default\">\n\t\t\t\t\t\t\t<div class=\"elementor-icon-wrapper\">\n\t\t\t<div class=\"elementor-icon\">\n\t\t\t<svg xmlns=\"http:\/\/www.w3.org\/2000\/svg\" width=\"15\" height=\"16\" viewbox=\"0 0 15 16\" fill=\"none\"><path d=\"M7.08812 0.150612C7.33033 -0.0534476 7.68475 -0.0501496 7.92333 0.160494L14.7804 6.21453C14.92 6.3377 15 6.51565 15 6.70269V15.3514C15 15.7096 14.7122 16 14.3571 16H10.0714C9.71639 16 9.42857 15.7096 9.42857 15.3514V11.8919C9.42857 11.3758 9.22536 10.8808 8.86368 10.5159C8.50201 10.151 8.01143 9.94593 7.5 9.94593C6.98849 9.94593 6.498 10.151 6.13629 10.5159L6.13627 10.5159C5.77459 10.8808 5.57143 11.3758 5.57143 11.8919V15.3514C5.57143 15.7096 5.28361 16 4.92857 16H0.642856C0.287824 16 4.83165e-06 15.7096 0 15.3514V6.70269C2.34274e-06 6.51565 0.0800178 6.3377 0.219525 6.21453L7.07667 0.160494L7.08812 0.150612ZM10.7143 14.7027H13.7143V6.99702L7.5 1.51054L1.28571 6.99702V14.7027H4.28572V11.8919C4.28572 11.0317 4.62438 10.2068 5.22718 9.59858L5.25558 9.57027C5.8555 8.9798 6.66077 8.64864 7.5 8.64864C8.35245 8.64864 9.17005 8.99037 9.77282 9.59858C10.3756 10.2068 10.7143 11.0318 10.7143 11.8919V14.7027Z\" fill=\"black\"><\/path><\/svg>\t\t\t<\/div>\n\t\t<\/div>\n\t\t\t\t\t\t<\/div>\n\t\t\t\t<div class=\"elementor-element elementor-element-ae41a7f custom-breadcrumbs elementor-widget elementor-widget-shortcode\" data-id=\"ae41a7f\" data-element_type=\"widget\" data-e-type=\"widget\" data-widget_type=\"shortcode.default\">\n\t\t\t\t\t\t\t<div class=\"elementor-shortcode\"><nav aria-label=\"breadcrumbs\" class=\"rank-math-breadcrumb\"><p><span class=\"last\">Home<\/span><\/p><\/nav><\/div>\n\t\t\t\t\t\t<\/div>\n\t\t\t\t<\/div>\n\t\t\t\t\t<\/div>\n\t\t\t\t<\/div>\n\t\t\t\t<\/div>\n\t\t<div class=\"elementor-element elementor-element-41ea64b e-con-full e-flex e-con e-parent\" data-id=\"41ea64b\" data-element_type=\"container\" data-e-type=\"container\">\n\t\t<div class=\"elementor-element elementor-element-359a998 responsive e-flex e-con-boxed e-con e-child\" data-id=\"359a998\" data-element_type=\"container\" data-e-type=\"container\">\n\t\t\t\t\t<div class=\"e-con-inner\">\n\t\t<div class=\"elementor-element elementor-element-c3599fa e-con-full e-flex e-con e-child\" data-id=\"c3599fa\" data-element_type=\"container\" data-e-type=\"container\">\n\t\t\t\t<div class=\"elementor-element elementor-element-293a7fd elementor-widget-tablet__width-initial elementor-widget-mobile__width-inherit custom-title-black elementor-widget elementor-widget-heading\" data-id=\"293a7fd\" data-element_type=\"widget\" data-e-type=\"widget\" data-widget_type=\"heading.default\">\n\t\t\t\t\t<h1 class=\"elementor-heading-title elementor-size-default\">Allgemeine Gesch\u00e4ftsbedingungen (AGB)<\/h1>\t\t\t\t<\/div>\n\t\t\t\t<div class=\"elementor-element elementor-element-de672ef custom-body-text elementor-widget elementor-widget-text-editor\" data-id=\"de672ef\" data-element_type=\"widget\" data-e-type=\"widget\" data-widget_type=\"text-editor.default\">\n\t\t\t\t\t\t\t\t\t<p><strong>G\u00fcltig ab:<\/strong> 05.01.2026<\/p>\n<p>&nbsp;<\/p>\n<h5><strong>1. Anbieter<\/strong><\/h5>\n<p>Firmenname: Provenance Auctions Kft. (nachfolgend: \u201eVerantwortlicher\u201c)<br \/>\nSitz: 1119 Budapest, Andor utca 21\/C., Erdgeschoss, T\u00fcr 1<br \/>\nFirmenregisternummer: 01-09-358756<br \/>\nUSt-IdNr.: 27953004-1-43<br \/>\nE-mail: <a href=\"mailto:info@provenanceauctions.eu\">info@provenanceauctions.eu<\/a><\/p>\n<h5><strong><br \/>\n2. Geltungsbereich<\/strong><\/h5>\n<p>2.1. Diese AGB gelten f\u00fcr den Verkauf von numismatischen Artikeln (M\u00fcnzen, Banknoten, Sammlerzubeh\u00f6r) zu Festpreisen \u00fcber den Webshop.<br \/>\n2.2. Vertragssprache ist Ungarisch.<br \/>\n2.3. Der Vertrag wird elektronisch geschlossen und nicht archiviert.<\/p>\n<h5><strong><br \/>\n3. Anwendbares Recht<\/strong><\/h5>\n<p>Diese AGB entsprechen insbesondere:<\/p>\n<ul>\n<li>Richtlinie 2011\/83\/EU (Verbraucherrechte)<\/li>\n<li>Richtlinie 2019\/771\/EU (Warenkauf)<\/li>\n<li>Ungarisches E-Commerce-Gesetz (CVIII\/2001)<\/li>\n<li>Ungarisches Zivilgesetzbuch (V\/2013)<\/li>\n<li>Regierungsverordnung 45\/2014<\/li>\n<li>Verbraucherschutzgesetz (CLV\/1997)<\/li>\n<\/ul>\n<h5><strong><br \/>\n4. Vertragsschluss<\/strong><\/h5>\n<p>4.1. Die im Webshop dargestellten Produkte stellen kein verbindliches Angebot dar.<br \/>\n4.2. Die Bestellung des K\u00e4ufers gilt als Angebot.<br \/>\n4.3. Der Vertrag kommt durch Best\u00e4tigung des Anbieters zustande.<br \/>\n4.4. Der Anbieter ist berechtigt, Bestellungen ohne Angabe von Gr\u00fcnden abzulehnen.<\/p>\n<h5><strong><br \/>\n5. Besondere Eigenschaften (Numismatik)<\/strong><\/h5>\n<p>5.1. Die Produkte sind Sammlerst\u00fccke und keine Massenware.<br \/>\n5.2. Die Erhaltungsangabe (Grading) ist eine fachliche Einsch\u00e4tzung.<br \/>\n5.3. Bei Abweichungen gilt das Bild vor der Beschreibung.<br \/>\n5.4. Der Wert ist subjektiv und marktabh\u00e4ngig.<\/p>\n<h5><strong><br \/>\n6. Preise und Zahlung<\/strong><\/h5>\n<p>6.1. Preise werden in EUR oder HUF angegeben.<br \/>\n6.2. Festpreise.<br \/>\n6.3. Preise enthalten ggf. die gesetzliche Mehrwertsteuer.<br \/>\n6.4. Zahlungsmethoden:<\/p>\n<ul>\n<li>Bank\u00fcberweisung<\/li>\n<li>Wise<\/li>\n<li>Karte \/ PayPal (Geb\u00fchr m\u00f6glich)<\/li>\n<li>Barzahlung nach Vereinbarung<\/li>\n<\/ul>\n<p>6.5. Zahlungsfrist: 5 Werktage.<br \/>\n6.6. Bei Nichtzahlung kann der Anbieter:<\/p>\n<ul>\n<li>die Bestellung stornieren<\/li>\n<li>den K\u00e4ufer ausschlie\u00dfen<\/li>\n<\/ul>\n<h5><strong><br \/>\n7. Versand und Gefahr<\/strong><\/h5>\n<p>7.1. Versandkosten tr\u00e4gt der K\u00e4ufer.<br \/>\n7.2. Versicherung:<\/p>\n<ul>\n<li>unter 500 \u20ac: keine Versicherung<\/li>\n<li>500\u2013999 \u20ac: bis 500 \u20ac<\/li>\n<li>1.000\u20132.999 \u20ac: bis 1.000 \u20ac<\/li>\n<li>ab 3.000 \u20ac: bis 3.000 \u20ac<\/li>\n<\/ul>\n<p>7.3. H\u00f6here Versicherung gegen Aufpreis m\u00f6glich (2% \u00fcber 3.000 \u20ac).<br \/>\n7.4. Haftung nur bis zur versicherten Summe.<br \/>\n7.5. K\u00e4ufer haftet f\u00fcr Fehler (z.B. falsche Adresse).<\/p>\n<h5><strong><br \/>\n8. Widerrufsrecht<\/strong><\/h5>\n<p>8.1. Verbraucher haben ein 14-t\u00e4giges Widerrufsrecht.<br \/>\n8.2. Frist beginnt mit Erhalt der Ware.<br \/>\n8.3. Einschr\u00e4nkungen (gesetzlich zul\u00e4ssig):<\/p>\n<ul>\n<li>pers\u00f6nliche Abholung nach Pr\u00fcfung<\/li>\n<li>\u201esold as is, no return\u201c-Artikel<\/li>\n<li>Lots<\/li>\n<li>niedrige Erhaltungsgrade (F oder schlechter)<\/li>\n<\/ul>\n<p>8.4. R\u00fccksendung auf eigene Kosten, unver\u00e4ndert.<\/p>\n<ul>\n<li>Der K\u00e4ufer muss die Ware auf eigene Kosten zur\u00fccksenden.<\/li>\n<li>Die Gegenst\u00e4nde d\u00fcrfen nicht besch\u00e4digt oder ver\u00e4ndert werden.<\/li>\n<\/ul>\n<h5><strong><br \/>\n9. Gew\u00e4hrleistung und Haftung<\/strong><\/h5>\n<p>9.1. Echtheit wird garantiert, sofern nicht ausgeschlossen.<br \/>\n9.2. Reklamationen:<\/p>\n<ul>\n<li>schriftlich<\/li>\n<li>innerhalb von 14 Tagen<\/li>\n<\/ul>\n<p>9.3. Kein Mangel:<\/p>\n<ul>\n<li>abweichende Bewertung<\/li>\n<li>subjektive Einsch\u00e4tzung<\/li>\n<\/ul>\n<p>9.4. Slabs:<\/p>\n<ul>\n<li>Verantwortung liegt beim Grading-Unternehmen<\/li>\n<li>keine Haftung des Anbieters<\/li>\n<\/ul>\n<p>9.5. \u00d6ffnung des Slabs hebt Anspr\u00fcche auf.<br \/>\n9.6. Haftung begrenzt auf Kaufpreis.<br \/>\n9.7. Keine Haftung f\u00fcr Folgesch\u00e4den.<\/p>\n<h5><strong><br \/>\n10. K\u00e4uferkategorien<\/strong><\/h5>\n<p>10.1. Verbraucher: Privatperson.<br \/>\n10.2. Unternehmer:<\/p>\n<ul>\n<li>kein Widerrufsrecht<\/li>\n<li>nur Echtheitsanspr\u00fcche<\/li>\n<\/ul>\n<h5><strong><br \/>\n11. Datenschutz<\/strong><\/h5>\n<p>11.1. Verarbeitung gem\u00e4\u00df DSGVO.<br \/>\n11.2. Details in separater Datenschutzerkl\u00e4rung.<\/p>\n<h5><strong><br \/>\n12. Gerichtsstand<\/strong><\/h5>\n<p>12.1. Anwendbares Recht: Ungarisches Recht.<br \/>\n12.2. Gerichtsstand: Budapest (unter Beachtung zwingender Verbraucherschutzregeln).<br \/>\n12.3. Verbraucher k\u00f6nnen alternative Streitbeilegung nutzen.<\/p>\n<h5><strong><br \/>\n13. Schlussbestimmungen<\/strong><\/h5>\n<p>13.1. \u00c4nderungen der AGB vorbehalten.<br \/>\n13.2. \u00c4nderungen treten mit Ver\u00f6ffentlichung in Kraft.<\/p>\n<p><em>Ort und Datum: Budapest, 05.01.2026<\/em><\/p>\n\t\t\t\t\t\t\t\t<\/div>\n\t\t\t\t<\/div>\n\t\t\t\t\t<\/div>\n\t\t\t\t<\/div>\n\t\t\t\t<\/div>\n\t\t\t\t<\/div>","protected":false},"excerpt":{"rendered":"","protected":false},"author":1,"featured_media":0,"parent":0,"menu_order":0,"comment_status":"closed","ping_status":"closed","template":"","meta":{"_acf_changed":false},"class_list":["post-893","page","type-page","status-publish"],"acf":[],"_links":{"self":[{"href":"https:\/\/provenance.designarea.hu\/de\/wp-json\/wp\/v2\/pages\/893","targetHints":{"allow":["GET"]}}],"collection":[{"href":"https:\/\/provenance.designarea.hu\/de\/wp-json\/wp\/v2\/pages"}],"about":[{"href":"https:\/\/provenance.designarea.hu\/de\/wp-json\/wp\/v2\/types\/page"}],"author":[{"embeddable":true,"href":"https:\/\/provenance.designarea.hu\/de\/wp-json\/wp\/v2\/users\/1"}],"replies":[{"embeddable":true,"href":"https:\/\/provenance.designarea.hu\/de\/wp-json\/wp\/v2\/comments?post=893"}],"version-history":[{"count":8,"href":"https:\/\/provenance.designarea.hu\/de\/wp-json\/wp\/v2\/pages\/893\/revisions"}],"predecessor-version":[{"id":2355,"href":"https:\/\/provenance.designarea.hu\/de\/wp-json\/wp\/v2\/pages\/893\/revisions\/2355"}],"wp:attachment":[{"href":"https:\/\/provenance.designarea.hu\/de\/wp-json\/wp\/v2\/media?parent=893"}],"curies":[{"name":"wp","href":"https:\/\/api.w.org\/{rel}","templated":true}]}}