{"id":891,"date":"2026-02-09T16:07:37","date_gmt":"2026-02-09T16:07:37","guid":{"rendered":"https:\/\/provenance.designarea.hu\/?page_id=891"},"modified":"2026-03-26T14:45:30","modified_gmt":"2026-03-26T13:45:30","slug":"privacy-policy","status":"publish","type":"page","link":"https:\/\/provenance.designarea.hu\/de\/privacy-policy\/","title":{"rendered":"Datenschutzerkl\u00e4rung"},"content":{"rendered":"<div data-elementor-type=\"wp-page\" data-elementor-id=\"891\" class=\"elementor elementor-891\" data-elementor-post-type=\"page\">\n\t\t\t\t<div class=\"elementor-element elementor-element-29e7c3b e-con-full e-flex e-con e-parent\" data-id=\"29e7c3b\" data-element_type=\"container\" data-e-type=\"container\">\n\t\t<div class=\"elementor-element elementor-element-bc0d49e responsive e-flex e-con-boxed e-con e-child\" data-id=\"bc0d49e\" data-element_type=\"container\" data-e-type=\"container\">\n\t\t\t\t\t<div class=\"e-con-inner\">\n\t\t<div class=\"elementor-element elementor-element-f44b22b e-con-full custom-breadcrumbs-holder e-flex e-con e-child\" data-id=\"f44b22b\" data-element_type=\"container\" data-e-type=\"container\">\n\t\t\t\t<div class=\"elementor-element elementor-element-51c2800 elementor-view-default elementor-widget elementor-widget-icon\" data-id=\"51c2800\" data-element_type=\"widget\" data-e-type=\"widget\" data-widget_type=\"icon.default\">\n\t\t\t\t\t\t\t<div class=\"elementor-icon-wrapper\">\n\t\t\t<div class=\"elementor-icon\">\n\t\t\t<svg xmlns=\"http:\/\/www.w3.org\/2000\/svg\" width=\"15\" height=\"16\" viewbox=\"0 0 15 16\" fill=\"none\"><path d=\"M7.08812 0.150612C7.33033 -0.0534476 7.68475 -0.0501496 7.92333 0.160494L14.7804 6.21453C14.92 6.3377 15 6.51565 15 6.70269V15.3514C15 15.7096 14.7122 16 14.3571 16H10.0714C9.71639 16 9.42857 15.7096 9.42857 15.3514V11.8919C9.42857 11.3758 9.22536 10.8808 8.86368 10.5159C8.50201 10.151 8.01143 9.94593 7.5 9.94593C6.98849 9.94593 6.498 10.151 6.13629 10.5159L6.13627 10.5159C5.77459 10.8808 5.57143 11.3758 5.57143 11.8919V15.3514C5.57143 15.7096 5.28361 16 4.92857 16H0.642856C0.287824 16 4.83165e-06 15.7096 0 15.3514V6.70269C2.34274e-06 6.51565 0.0800178 6.3377 0.219525 6.21453L7.07667 0.160494L7.08812 0.150612ZM10.7143 14.7027H13.7143V6.99702L7.5 1.51054L1.28571 6.99702V14.7027H4.28572V11.8919C4.28572 11.0317 4.62438 10.2068 5.22718 9.59858L5.25558 9.57027C5.8555 8.9798 6.66077 8.64864 7.5 8.64864C8.35245 8.64864 9.17005 8.99037 9.77282 9.59858C10.3756 10.2068 10.7143 11.0318 10.7143 11.8919V14.7027Z\" fill=\"black\"><\/path><\/svg>\t\t\t<\/div>\n\t\t<\/div>\n\t\t\t\t\t\t<\/div>\n\t\t\t\t<div class=\"elementor-element elementor-element-cd721b5 custom-breadcrumbs elementor-widget elementor-widget-shortcode\" data-id=\"cd721b5\" data-element_type=\"widget\" data-e-type=\"widget\" data-widget_type=\"shortcode.default\">\n\t\t\t\t\t\t\t<div class=\"elementor-shortcode\"><nav aria-label=\"breadcrumbs\" class=\"rank-math-breadcrumb\"><p><span class=\"last\">Home<\/span><\/p><\/nav><\/div>\n\t\t\t\t\t\t<\/div>\n\t\t\t\t<\/div>\n\t\t\t\t\t<\/div>\n\t\t\t\t<\/div>\n\t\t\t\t<\/div>\n\t\t<div class=\"elementor-element elementor-element-9e9d920 e-con-full e-flex e-con e-parent\" data-id=\"9e9d920\" data-element_type=\"container\" data-e-type=\"container\">\n\t\t<div class=\"elementor-element elementor-element-8600666 responsive e-flex e-con-boxed e-con e-child\" data-id=\"8600666\" data-element_type=\"container\" data-e-type=\"container\">\n\t\t\t\t\t<div class=\"e-con-inner\">\n\t\t<div class=\"elementor-element elementor-element-c5e9a44 e-con-full e-flex e-con e-child\" data-id=\"c5e9a44\" data-element_type=\"container\" data-e-type=\"container\">\n\t\t\t\t<div class=\"elementor-element elementor-element-ec0c7bb elementor-widget-tablet__width-initial elementor-widget-mobile__width-inherit custom-title-black elementor-widget elementor-widget-heading\" data-id=\"ec0c7bb\" data-element_type=\"widget\" data-e-type=\"widget\" data-widget_type=\"heading.default\">\n\t\t\t\t\t<h1 class=\"elementor-heading-title elementor-size-default\">Datenschutzerkl\u00e4rung<\/h1>\t\t\t\t<\/div>\n\t\t\t\t<div class=\"elementor-element elementor-element-5557be1 custom-body-text elementor-widget elementor-widget-text-editor\" data-id=\"5557be1\" data-element_type=\"widget\" data-e-type=\"widget\" data-widget_type=\"text-editor.default\">\n\t\t\t\t\t\t\t\t\t<p><strong>G\u00fcltig ab:<\/strong> 05.01.2026<\/p>\n<p>&nbsp;<\/p>\n<h5><strong>1. Verantwortlicher<\/strong><\/h5>\n<p>Firmenname: Provenance Auctions Kft. (nachfolgend: \u201eVerantwortlicher\u201c)<br \/>\nSitz: 1119 Budapest, Andor utca 21\/C., Erdgeschoss, T\u00fcr 1<br \/>\nFirmenregisternummer: 01-09-358756<br \/>\nUSt-IdNr.: 27953004-1-43<br \/>\nE-mail: <a href=\"mailto:info@provenanceauctions.eu\">info@provenanceauctions.eu<\/a><\/p>\n<h5><strong><br \/>\n2. Zweck dieser Datenschutzerkl\u00e4rung<\/strong><\/h5>\n<p>Diese Datenschutzerkl\u00e4rung informiert \u00fcber die Verarbeitung personenbezogener Daten im Zusammenhang mit dem Webshop gem\u00e4\u00df der Datenschutz-Grundverordnung (EU) 2016\/679 (DSGVO) und den einschl\u00e4gigen ungarischen Rechtsvorschriften.<\/p>\n<h5><strong><br \/>\n3. Verarbeitete Daten<\/strong><\/h5>\n<p>3.1. Bestelldaten<\/p>\n<ul>\n<li>Name<\/li>\n<li>Rechnungs- und Lieferadresse<\/li>\n<li>E-Mail-Adresse<\/li>\n<li>Telefonnummer<\/li>\n<li>Firmenname (falls zutreffend)<\/li>\n<li>USt-Nummer (bei Unternehmen)<\/li>\n<\/ul>\n<p>3.2. Technische Daten<\/p>\n<ul>\n<li>IP-Adresse<\/li>\n<li>Browsertyp<\/li>\n<li>Zeitpunkt des Zugriffs<\/li>\n<li>Cookies (siehe Abschnitt 12)<\/li>\n<\/ul>\n<p>3.3. Zahlungsdaten<\/p>\n<ul>\n<li>Der Verantwortliche speichert keine Kartendaten. Zahlungen erfolgen \u00fcber externe Anbieter.<\/li>\n<\/ul>\n<h5><strong><br \/>\n4. Zwecke und Rechtsgrundlagen<\/strong><\/h5>\n<p>Vertragserf\u00fcllung \u2013 <em>Art. 6(1)(b) DSGVO<\/em><br \/>\nBuchhaltung \u2013 <em>Art. 6(1)(c) DSGVO<\/em><br \/>\nKommunikation \u2013 <em>Art. 6(1)(b) DSGVO<\/em><br \/>\nRechtsdurchsetzung \u2013 <em>Art. 6(1)(f) DSGVO<\/em><br \/>\nBetrieb der Website \u2013 <em>Art. 6(1)(f) DSGVO<\/em><br \/>\nMarketing (falls zutreffend) \u2013 <em>Art. 6(1)(a) DSGVO<\/em><\/p>\n<h5><strong><br \/>\n5. Speicherdauer<\/strong><\/h5>\n<ul>\n<li>Buchhaltungsdaten: 8 Jahre<\/li>\n<li>Vertragsdaten: 5 Jahre<\/li>\n<li>Marketing: bis Widerruf<\/li>\n<li>Technische Daten: max. 1 Jahr<\/li>\n<\/ul>\n<h5><strong><br \/>\n6. Auftragsverarbeiter<\/strong><\/h5>\n<p>6.1. Versand<\/p>\n<ul>\n<li>Kurierdienste (z.B. FedEx, GLS, DPD, MPL, etc.)<\/li>\n<\/ul>\n<p>6.2. Zahlung<\/p>\n<ul>\n<li>PayPal<\/li>\n<li>Banken<\/li>\n<li>Wise<\/li>\n<\/ul>\n<p>6.3. IT<\/p>\n<ul>\n<li>Hosting-Anbieter<\/li>\n<li>Entwickler<\/li>\n<\/ul>\n<p>Daten werden nur im erforderlichen Umfang \u00fcbermittelt.<\/p>\n<h5><strong><br \/>\n7. Drittland\u00fcbermittlung<\/strong><\/h5>\n<p>Bei \u00dcbermittlung in Drittl\u00e4nder werden geeignete Garantien angewendet (z.B. Standardvertragsklauseln).<\/p>\n<h5><strong><br \/>\n8. Rechte der betroffenen Personen<\/strong><\/h5>\n<p>Betroffene haben das Recht auf:<\/p>\n<ul>\n<li>Auskunft<\/li>\n<li>Berichtigung<\/li>\n<li>L\u00f6schung<\/li>\n<li>Einschr\u00e4nkung<\/li>\n<li>Widerspruch<\/li>\n<li>Daten\u00fcbertragbarkeit<\/li>\n<\/ul>\n<p>Kontakt: <a href=\"mailto:info@provenanceauctions.eu\">info@provenanceauctions.eu<\/a><\/p>\n<h5><strong><br \/>\n9. Rechtsbehelfe<\/strong><\/h5>\n<p>Beschwerden k\u00f6nnen eingereicht werden bei:<br \/>\nUngarische Datenschutzbeh\u00f6rde (NAIH)\nAdresse: 1055 Budapest, Falk Miksa utca 9-11\nWebsite: www.naih.hu<br \/>\nAuch gerichtliche Rechtsbehelfe sind m\u00f6glich.<\/p>\n<h5><strong><br \/>\n10. Datensicherheit<\/strong><\/h5>\n<p>Ma\u00dfnahmen umfassen:<\/p>\n<ul>\n<li>SSL-Verschl\u00fcsselung<\/li>\n<li>Zugriffskontrolle<\/li>\n<li>Backups<\/li>\n<\/ul>\n<h5><strong><br \/>\n11. Automatisierte Entscheidungen<\/strong><\/h5>\n<p>Es findet keine automatisierte Entscheidungsfindung statt.<\/p>\n<h5><strong><br \/>\n12. Cookies<\/strong><\/h5>\n<p>Cookies werden verwendet f\u00fcr:<\/p>\n<ul>\n<li>Funktionalit\u00e4t<\/li>\n<li>Benutzerfreundlichkeit<\/li>\n<li>Statistik<\/li>\n<\/ul>\n<p>Verwaltung \u00fcber Browsereinstellungen m\u00f6glich.<\/p>\n<h5><strong><br \/>\n13. Kontakt<\/strong><\/h5>\n<p>Daten aus Anfragen werden ausschlie\u00dflich zur Bearbeitung verwendet.<\/p>\n<h5><strong>\u00a0<\/strong><\/h5>\n<h5><strong>14. \u00c4nderungen<\/strong><\/h5>\n<p>\u00c4nderungen treten mit Ver\u00f6ffentlichung in Kraft.<\/p>\n<p><em>Ort und Datum: Budapest, 05.01.2026<\/em><\/p>\n\t\t\t\t\t\t\t\t<\/div>\n\t\t\t\t<\/div>\n\t\t\t\t\t<\/div>\n\t\t\t\t<\/div>\n\t\t\t\t<\/div>\n\t\t\t\t<\/div>","protected":false},"excerpt":{"rendered":"","protected":false},"author":1,"featured_media":0,"parent":0,"menu_order":0,"comment_status":"closed","ping_status":"closed","template":"","meta":{"_acf_changed":false},"class_list":["post-891","page","type-page","status-publish"],"acf":[],"_links":{"self":[{"href":"https:\/\/provenance.designarea.hu\/de\/wp-json\/wp\/v2\/pages\/891","targetHints":{"allow":["GET"]}}],"collection":[{"href":"https:\/\/provenance.designarea.hu\/de\/wp-json\/wp\/v2\/pages"}],"about":[{"href":"https:\/\/provenance.designarea.hu\/de\/wp-json\/wp\/v2\/types\/page"}],"author":[{"embeddable":true,"href":"https:\/\/provenance.designarea.hu\/de\/wp-json\/wp\/v2\/users\/1"}],"replies":[{"embeddable":true,"href":"https:\/\/provenance.designarea.hu\/de\/wp-json\/wp\/v2\/comments?post=891"}],"version-history":[{"count":4,"href":"https:\/\/provenance.designarea.hu\/de\/wp-json\/wp\/v2\/pages\/891\/revisions"}],"predecessor-version":[{"id":2352,"href":"https:\/\/provenance.designarea.hu\/de\/wp-json\/wp\/v2\/pages\/891\/revisions\/2352"}],"wp:attachment":[{"href":"https:\/\/provenance.designarea.hu\/de\/wp-json\/wp\/v2\/media?parent=891"}],"curies":[{"name":"wp","href":"https:\/\/api.w.org\/{rel}","templated":true}]}}